{"id":14442,"date":"2020-12-26T16:04:48","date_gmt":"2020-12-26T15:04:48","guid":{"rendered":"http:\/\/comunitapastoralecassina.org\/ver2\/?page_id=14442"},"modified":"2021-12-23T15:02:07","modified_gmt":"2021-12-23T14:02:07","slug":"insieme-2021","status":"publish","type":"page","link":"https:\/\/comunitapastoralecassina.org\/ver2\/insieme-2021\/","title":{"rendered":"Insieme 2021"},"content":{"rendered":"\n<div class=\"wp-block-image\"><figure class=\"aligncenter size-large is-resized\"><img loading=\"lazy\" decoding=\"async\" src=\"http:\/\/comunitapastoralecassina.org\/ver2\/wp-content\/uploads\/Nuova-testata-1024x205.jpg\" alt=\"testata dell'insieme\" class=\"wp-image-10715\" width=\"674\" height=\"135\" srcset=\"https:\/\/comunitapastoralecassina.org\/ver2\/wp-content\/uploads\/Nuova-testata-1024x205.jpg 1024w, https:\/\/comunitapastoralecassina.org\/ver2\/wp-content\/uploads\/Nuova-testata-300x60.jpg 300w, https:\/\/comunitapastoralecassina.org\/ver2\/wp-content\/uploads\/Nuova-testata-768x154.jpg 768w, https:\/\/comunitapastoralecassina.org\/ver2\/wp-content\/uploads\/Nuova-testata.jpg 1034w\" sizes=\"auto, (max-width: 674px) 100vw, 674px\" \/><\/figure><\/div>\n\n\n\n<p>L&#8217;insieme \u00e8 il foglio informativo della Comunit\u00e0 Pastorale Maria Madre della Chiesa.<br \/>Scaricando i file PDF resterete aggiornati sulle attivit\u00e0 che in essa si svolgono<\/p>\n\n\n\n<p>Iscriviti alla mail list e riceverai ogni settimana una email per scaricare l&#8217;Insieme e gli altri notiziari appena pubblicati!<\/p>\n\n\n\n<form action=\"http:\/\/comunitapastoralecassina.us5.list-manage1.com\/subscribe\/post?u=daea99a747e23f9e300b454af&amp;id=499d73df1a\" method=\"post\" id=\"mc-embedded-subscribe-form\" name=\"mc-embedded-subscribe-form\" class=\"validate\" target=\"_blank\">\n\t\t<input type=\"email\" value=\"\" name=\"EMAIL\" class=\"email\" id=\"mce-EMAIL\" placeholder=\"Inserisci la tua email\" required=\"\"\/>\n\t<div class=\"clear\"><input type=\"submit\" value=\"Iscriviti\" name=\"subscribe\" id=\"mc-embedded-subscribe\" class=\"button\"\/><\/div>\n<\/form>\n\n\n\n<hr class=\"wp-block-separator\"\/>\n\n\n\n<div class=\"wp-block-file\"><a href=\"http:\/\/comunitapastoralecassina.org\/ver2\/wp-content\/uploads\/Insieme-del-26-dicembre-2021.pdf\" target=\"_blank\" rel=\"noreferrer noopener\"><strong>Insieme del 26 dicembre 2021<\/strong><\/a><a href=\"http:\/\/comunitapastoralecassina.org\/ver2\/wp-content\/uploads\/Insieme-del-26-dicembre-2021.pdf\" class=\"wp-block-file__button\" download>Download<\/a><\/div>\n\n\n\n<figure class=\"wp-block-table is-style-stripes\"><table class=\"has-subtle-pale-green-background-color has-background\"><thead><tr><th><strong> NUMERI PRECEDENTI<\/strong><\/th><th><\/th><th><\/th><\/tr><\/thead><tbody><tr><td><a href=\"http:\/\/comunitapastoralecassina.org\/ver2\/wp-content\/uploads\/Insieme-del-19-dicembre-2021.pdf\" target=\"_blank\" rel=\"noreferrer noopener\"><strong>19 dicembre 2021<\/strong><\/a><\/td><td><a href=\"http:\/\/comunitapastoralecassina.org\/ver2\/wp-content\/uploads\/Insieme-del-12-dicembre-2021.pdf\" target=\"_blank\" rel=\"noreferrer noopener\"><strong>12 dicembre 2021<\/strong><\/a><\/td><td><a href=\"http:\/\/comunitapastoralecassina.org\/ver2\/wp-content\/uploads\/Insieme-del-5-dicembre-2021.pdf\" target=\"_blank\" rel=\"noreferrer noopener\"><strong>5 dicembre 2021<\/strong><\/a><\/td><\/tr><tr><td><a href=\"http:\/\/comunitapastoralecassina.org\/ver2\/wp-content\/uploads\/Insieme-del-28-novembre-2021.pdf\" target=\"_blank\" rel=\"noreferrer noopener\"><strong>28 novembre 2021<\/strong><\/a><\/td><td><a href=\"http:\/\/comunitapastoralecassina.org\/ver2\/wp-content\/uploads\/Insieme-del-21-novembre-2021.pdf\" target=\"_blank\" rel=\"noreferrer noopener\"><strong>21 novembre 2021<\/strong><\/a><\/td><td><a href=\"http:\/\/comunitapastoralecassina.org\/ver2\/wp-content\/uploads\/Insieme-del-14-novembre-2021.pdf\" target=\"_blank\" rel=\"noreferrer noopener\"><strong>14 novembre 2021<\/strong><\/a><\/td><\/tr><tr><td><a href=\"http:\/\/comunitapastoralecassina.org\/ver2\/wp-content\/uploads\/Insieme-del-7-novembre-2021.pdf\" target=\"_blank\" rel=\"noreferrer noopener\"><strong>7 novembre 2021<\/strong><\/a><\/td><td><a href=\"http:\/\/comunitapastoralecassina.org\/ver2\/wp-content\/uploads\/Insieme-del-31-ottobre-2021.pdf\" target=\"_blank\" rel=\"noreferrer noopener\"><strong>31 ottobre 202<\/strong><\/a>1<\/td><td><a href=\"http:\/\/comunitapastoralecassina.org\/ver2\/wp-content\/uploads\/Insieme-del-24-ottobre-2021.pdf\" target=\"_blank\" rel=\"noreferrer noopener\"><strong>24 ottobre 2021<\/strong><\/a><\/td><\/tr><tr><td><a href=\"http:\/\/comunitapastoralecassina.org\/ver2\/wp-content\/uploads\/Insieme-del-17-ottobre-2021.pdf\" target=\"_blank\" rel=\"noreferrer noopener\"><strong>17 ottobre 2021<\/strong><\/a><\/td><td><a href=\"http:\/\/comunitapastoralecassina.org\/ver2\/wp-content\/uploads\/Insieme-del-10-ottobre-2021.pdf\" target=\"_blank\" rel=\"noreferrer noopener\"><strong>10 ottobre 2021<\/strong><\/a><\/td><td><a href=\"http:\/\/comunitapastoralecassina.org\/ver2\/wp-content\/uploads\/Insieme-del-3-ottobre-2021.pdf\" target=\"_blank\" rel=\"noreferrer noopener\"><strong>3 ottobre 2021<\/strong><\/a><\/td><\/tr><tr><td><a href=\"http:\/\/comunitapastoralecassina.org\/ver2\/wp-content\/uploads\/Insieme-del-26-settembre-2021.pdf\" target=\"_blank\" rel=\"noreferrer noopener\"><strong>26 settembre 2021<\/strong><\/a><\/td><td><a href=\"http:\/\/comunitapastoralecassina.org\/ver2\/wp-content\/uploads\/Insieme-del-19-settembre-2021.pdf\" target=\"_blank\" rel=\"noreferrer noopener\"><strong>19 settembre 2021<\/strong><\/a><\/td><td><a href=\"http:\/\/comunitapastoralecassina.org\/ver2\/wp-content\/uploads\/Insieme-del-12-settembre-2021.pdf\" target=\"_blank\" rel=\"noreferrer noopener\"><strong>12 settembre 2021<\/strong><\/a><\/td><\/tr><tr><td><a href=\"http:\/\/comunitapastoralecassina.org\/ver2\/wp-content\/uploads\/Insieme-del-5-settembre-2021.pdf\" target=\"_blank\" rel=\"noreferrer noopener\"><strong>5 settembre 2021<\/strong><\/a><\/td><td><a href=\"http:\/\/comunitapastoralecassina.org\/ver2\/wp-content\/uploads\/Insieme-del-25-luglio-2021.pdf\" target=\"_blank\" rel=\"noreferrer noopener\"><strong>25 luglio 2021<\/strong><\/a><\/td><td><a href=\"http:\/\/comunitapastoralecassina.org\/ver2\/wp-content\/uploads\/Insieme-del-18-luglio-2021.pdf\" target=\"_blank\" rel=\"noreferrer noopener\"><strong>18 luglio 2021<\/strong><\/a><\/td><\/tr><tr><td><a href=\"http:\/\/comunitapastoralecassina.org\/ver2\/wp-content\/uploads\/Insieme-del-11-luglio-2021.pdf\" target=\"_blank\" rel=\"noreferrer noopener\"><strong>11 luglio 2021<\/strong><\/a><\/td><td><a href=\"http:\/\/comunitapastoralecassina.org\/ver2\/wp-content\/uploads\/Insieme-del-4-luglio-2021.pdf\" target=\"_blank\" rel=\"noreferrer noopener\"><strong>4 luglio 2021<\/strong><\/a><\/td><td><a href=\"http:\/\/comunitapastoralecassina.org\/ver2\/wp-content\/uploads\/Insieme-del-27-giugno-2021.pdf\" target=\"_blank\" rel=\"noreferrer noopener\"><strong>27 giugno 2021<\/strong><\/a><\/td><\/tr><tr><td><a href=\"http:\/\/comunitapastoralecassina.org\/ver2\/wp-content\/uploads\/Insieme-del-20-giugno-2021.pdf\" target=\"_blank\" rel=\"noreferrer noopener\"><strong>20 giugno 2021<\/strong><\/a><\/td><td><a href=\"http:\/\/comunitapastoralecassina.org\/ver2\/wp-content\/uploads\/Insieme-del-13-giugno-2021.pdf\" target=\"_blank\" rel=\"noreferrer noopener\"><strong>13 giugno 2021<\/strong><\/a><br \/><a href=\"http:\/\/comunitapastoralecassina.org\/ver2\/wp-content\/uploads\/Inserto-Speciale-13-giugno-2021.pdf\" target=\"_blank\" rel=\"noreferrer noopener\"><strong>Inserto Speciale<\/strong><\/a><\/td><td><a href=\"http:\/\/comunitapastoralecassina.org\/ver2\/wp-content\/uploads\/Insieme-del-6-giugno-2021.pdf\" target=\"_blank\" rel=\"noreferrer noopener\"><strong>6 giugno 2021<\/strong><\/a><\/td><\/tr><tr><td><a href=\"http:\/\/comunitapastoralecassina.org\/ver2\/wp-content\/uploads\/Insieme-del-30-maggio-2021.pdf\" target=\"_blank\" rel=\"noreferrer noopener\"><strong>30 maggio 2021<\/strong><\/a><\/td><td><a href=\"http:\/\/comunitapastoralecassina.org\/ver2\/wp-content\/uploads\/Insieme-del-23-maggio-2021.pdf\" target=\"_blank\" rel=\"noreferrer noopener\"><strong>23 maggio 2021<\/strong><\/a><\/td><td><a href=\"http:\/\/comunitapastoralecassina.org\/ver2\/wp-content\/uploads\/Insieme-del-16-maggio-2021.pdf\" target=\"_blank\" rel=\"noreferrer noopener\"><strong>16 maggio 2021<\/strong><\/a><\/td><\/tr><tr><td><a href=\"http:\/\/comunitapastoralecassina.org\/ver2\/wp-content\/uploads\/Insieme-del-9-maggio-2021.pdf\" target=\"_blank\" rel=\"noreferrer noopener\"><strong>9 maggio 2021<\/strong><\/a><\/td><td><a href=\"http:\/\/comunitapastoralecassina.org\/ver2\/wp-content\/uploads\/Insieme-del-2-maggio-2021.pdf\" target=\"_blank\" rel=\"noreferrer noopener\"><strong>2 maggio 2021<\/strong><\/a><\/td><td><a href=\"http:\/\/comunitapastoralecassina.org\/ver2\/wp-content\/uploads\/Insieme-del-25-aprile-2021.pdf\" target=\"_blank\" rel=\"noreferrer noopener\"><strong>25 aprile 2021<\/strong><\/a><\/td><\/tr><tr><td><a href=\"http:\/\/comunitapastoralecassina.org\/ver2\/wp-content\/uploads\/Insieme-del-18-aprile-2021.pdf\" target=\"_blank\" rel=\"noreferrer noopener\"><strong>18 aprile 2021<\/strong><\/a><\/td><td><a href=\"http:\/\/comunitapastoralecassina.org\/ver2\/wp-content\/uploads\/Insieme-del-11-aprile-2021.pdf\" target=\"_blank\" rel=\"noreferrer noopener\"><strong>11 aprile 2021<\/strong><\/a><\/td><td><a href=\"http:\/\/comunitapastoralecassina.org\/ver2\/wp-content\/uploads\/Insieme-del-28-marzo-e-4-aprile-2021.pdf\" target=\"_blank\" rel=\"noreferrer noopener\"><strong>28 marzo e 4 aprile 2021<\/strong><\/a><\/td><\/tr><tr><td><a href=\"http:\/\/comunitapastoralecassina.org\/ver2\/wp-content\/uploads\/Insieme-del-21-marzo-2021.pdf\" target=\"_blank\" rel=\"noreferrer noopener\"><strong>21 marzo 2021<\/strong><\/a><\/td><td><strong><a href=\"http:\/\/comunitapastoralecassina.org\/ver2\/wp-content\/uploads\/Insieme-del-14-marzo-2021.pdf\" target=\"_blank\" rel=\"noreferrer noopener\">14 marzo 2021<\/a><\/strong><\/td><td><a href=\"http:\/\/comunitapastoralecassina.org\/ver2\/wp-content\/uploads\/Insieme-del-7-marzo-2021.pdf\" target=\"_blank\" rel=\"noreferrer noopener\"><strong>7 marzo 2021<\/strong><\/a><\/td><\/tr><tr><td><a href=\"http:\/\/comunitapastoralecassina.org\/ver2\/wp-content\/uploads\/Insieme-del-28-febbraio-2021.pdf\" target=\"_blank\" rel=\"noreferrer noopener\"><strong>28 febbraio 2021<\/strong><\/a><\/td><td><a href=\"http:\/\/comunitapastoralecassina.org\/ver2\/wp-content\/uploads\/Insieme-del-21-febbraio-2021.pdf\" target=\"_blank\" rel=\"noreferrer noopener\"><strong>21 febbraio 2021<\/strong><\/a><\/td><td><a href=\"http:\/\/comunitapastoralecassina.org\/ver2\/wp-content\/uploads\/Insieme-del-14-febbraio-2021.pdf\" target=\"_blank\" rel=\"noreferrer noopener\"><strong>14 febbraio 2021<\/strong><\/a><\/td><\/tr><tr><td><a href=\"http:\/\/comunitapastoralecassina.org\/ver2\/wp-content\/uploads\/Insieme-del-7-febbraio-2021.pdf\" target=\"_blank\" rel=\"noreferrer noopener\"><strong>7 febbraio 2021<\/strong><\/a><\/td><td><a href=\"http:\/\/comunitapastoralecassina.org\/ver2\/wp-content\/uploads\/Insieme-del-31-gennaio-2021.pdf\" target=\"_blank\" rel=\"noreferrer noopener\"><strong>31 gennaio 2021<\/strong><\/a><\/td><td><a href=\"http:\/\/comunitapastoralecassina.org\/ver2\/wp-content\/uploads\/Insieme-del-24-gennaio-2021.pdf\" target=\"_blank\" rel=\"noreferrer noopener\"><strong>24 gennaio 2021<\/strong><\/a><a href=\"http:\/\/comunitapastoralecassina.org\/ver2\/wp-content\/uploads\/Insieme-del-3-gennaio-2021.pdf\" target=\"_blank\" rel=\"noreferrer noopener\"><\/a><\/td><\/tr><tr><td><a href=\"http:\/\/comunitapastoralecassina.org\/ver2\/wp-content\/uploads\/Insieme-del-17-gennaio-2021.pdf\" target=\"_blank\" rel=\"noreferrer noopener\"><strong>17 gennaio 2021<\/strong><\/a><\/td><td><a href=\"http:\/\/comunitapastoralecassina.org\/ver2\/wp-content\/uploads\/Insieme-del-10-gennaio-2021.pdf\" target=\"_blank\" rel=\"noreferrer noopener\"><strong>10 gennaio 2021<\/strong><\/a><\/td><td><a href=\"http:\/\/comunitapastoralecassina.org\/ver2\/wp-content\/uploads\/Insieme-del-3-gennaio-2021.pdf\" target=\"_blank\" rel=\"noreferrer noopener\"><strong>3 gennaio 2021<\/strong><\/a><\/td><\/tr><\/tbody><\/table><\/figure>\n\n\n\n<hr class=\"wp-block-separator\"\/>\n\n\n\n<p><\/p>\n\n\n\n<figure class=\"wp-block-table\"><table><thead><tr><th>ARCHIVIO<\/th><th><\/th><th><\/th><\/tr><\/thead><tbody><tr><td><sub><a href=\"http:\/\/comunitapastoralecassina.org\/ver2\/insieme-2019\/\">&#8211; <\/a><a href=\"http:\/\/comunitapastoralecassina.org\/ver2\/insieme-2020\/\">Gli Insieme del 2020<\/a><br \/><a href=\"http:\/\/comunitapastoralecassina.org\/ver2\/insieme-2019\/\">&#8211; Gli Insieme del 2019<\/a><br \/><a href=\"http:\/\/comunitapastoralecassina.org\/ver2\/insieme-2018\/\">&#8211; Gli Insieme del 2018<\/a><\/sub><br \/><\/td><td><sub><a href=\"http:\/\/comunitapastoralecassina.org\/ver2\/insieme-2017\/\">&#8211; Gli Insieme del 2017<\/a><br \/><a href=\"http:\/\/comunitapastoralecassina.org\/ver2\/insieme-2016\/\">&#8211; Gli Insieme del 2016<\/a><br \/><a href=\"http:\/\/comunitapastoralecassina.org\/ver2\/insieme2015\/\">&#8211; Gli Insieme del 2015<\/a><\/sub><br \/><\/td><td><sub><a href=\"http:\/\/comunitapastoralecassina.org\/ver2\/insieme-2014\/\">&#8211; Gli Insieme del 2014<\/a><br \/><a href=\"http:\/\/comunitapastoralecassina.org\/ver2\/insieme-2013\/\">&#8211; Gli Insieme del 2013<\/a><br \/><a href=\"http:\/\/comunitapastoralecassina.org\/ver2\/insieme-2012\/\">&#8211; Gli Insieme del 2012, 2011,2010 e 2009<\/a><\/sub><\/td><\/tr><\/tbody><\/table><\/figure>\n\n\n\n<p><\/p>\n","protected":false},"excerpt":{"rendered":"<p>L&#8217;insieme \u00e8 il foglio informativo della Comunit\u00e0 Pastorale Maria Madre della Chiesa.Scaricando i file PDF resterete aggiornati sulle attivit\u00e0 che in essa si svolgono Iscriviti alla mail list e riceverai ogni settimana una email per scaricare l&#8217;Insieme e gli altri notiziari appena pubblicati! NUMERI PRECEDENTI 19 dicembre 2021 12 dicembre 2021 5 dicembre 2021 28 [&hellip;]<\/p>\n","protected":false},"author":2,"featured_media":0,"parent":0,"menu_order":2,"comment_status":"closed","ping_status":"closed","template":"","meta":{"footnotes":""},"class_list":["post-14442","page","type-page","status-publish"],"_links":{"self":[{"href":"https:\/\/comunitapastoralecassina.org\/ver2\/wp-json\/wp\/v2\/pages\/14442","targetHints":{"allow":["GET"]}}],"collection":[{"href":"https:\/\/comunitapastoralecassina.org\/ver2\/wp-json\/wp\/v2\/pages"}],"about":[{"href":"https:\/\/comunitapastoralecassina.org\/ver2\/wp-json\/wp\/v2\/types\/page"}],"author":[{"embeddable":true,"href":"https:\/\/comunitapastoralecassina.org\/ver2\/wp-json\/wp\/v2\/users\/2"}],"replies":[{"embeddable":true,"href":"https:\/\/comunitapastoralecassina.org\/ver2\/wp-json\/wp\/v2\/comments?post=14442"}],"version-history":[{"count":84,"href":"https:\/\/comunitapastoralecassina.org\/ver2\/wp-json\/wp\/v2\/pages\/14442\/revisions"}],"predecessor-version":[{"id":16014,"href":"https:\/\/comunitapastoralecassina.org\/ver2\/wp-json\/wp\/v2\/pages\/14442\/revisions\/16014"}],"wp:attachment":[{"href":"https:\/\/comunitapastoralecassina.org\/ver2\/wp-json\/wp\/v2\/media?parent=14442"}],"curies":[{"name":"wp","href":"https:\/\/api.w.org\/{rel}","templated":true}]}}