{"id":17331,"date":"2023-01-02T10:58:31","date_gmt":"2023-01-02T09:58:31","guid":{"rendered":"http:\/\/comunitapastoralecassina.org\/ver2\/?page_id=17331"},"modified":"2023-12-23T17:54:32","modified_gmt":"2023-12-23T16:54:32","slug":"insieme-2023","status":"publish","type":"page","link":"https:\/\/comunitapastoralecassina.org\/ver2\/insieme-2023\/","title":{"rendered":"Insieme 2023"},"content":{"rendered":"\n<figure class=\"wp-block-image is-resized\" id=\"block-c1c95a60-e74c-428c-8f4e-46cf989028e8\"><img loading=\"lazy\" decoding=\"async\" src=\"http:\/\/comunitapastoralecassina.org\/ver2\/wp-content\/uploads\/Nuova-testata-1024x205.jpg\" alt=\"testata dell'insieme\" width=\"727\" height=\"127\"\/><\/figure>\n\n\n\n<p id=\"block-99abdcc3-df94-4b45-8a89-a478ffb64891\">L&#8217;insieme \u00e8 il foglio informativo della Comunit\u00e0 Pastorale Maria Madre della Chiesa.<br \/>Scaricando i file PDF resterai aggiornato sulle attivit\u00e0 che in essa si svolgono<\/p>\n\n\n\n<p id=\"block-523b6f4d-966a-4ccc-b0fc-4afd3a822c48\">Iscriviti alla mail list e riceverai ogni settimana una email per scaricare l&#8217;Insieme e gli altri notiziari appena pubblicati!<\/p>\n\n\n\n<form action=\"https:\/\/comunitapastoralecassina.us5.list-manage1.com\/subscribe\/post?u=daea99a747e23f9e300b454af&amp;id=499d73df1a\" method=\"post\" id=\"mc-embedded-subscribe-form\" name=\"mc-embedded-subscribe-form\" class=\"validate\" target=\"_blank\">\n\t\t<input type=\"email\" value=\"\" name=\"EMAIL\" class=\"email\" id=\"mce-EMAIL\" placeholder=\"Inserisci la tua email\" required=\"\"\/>\n\t<div class=\"clear\"><input type=\"submit\" value=\"Iscriviti\" name=\"subscribe\" id=\"mc-embedded-subscribe\" class=\"button\"\/><\/div>\n<\/form>\n\n\n\n<hr class=\"wp-block-separator has-css-opacity\"\/>\n\n\n\n<div data-wp-interactive=\"core\/file\" class=\"wp-block-file\"><object data-wp-bind--hidden=\"!state.hasPdfPreview\" hidden class=\"wp-block-file__embed\" data=\"https:\/\/comunitapastoralecassina.org\/ver2\/wp-content\/uploads\/Insieme-del-24-dicembre-2023.pdf\" type=\"application\/pdf\" style=\"width:100%;height:600px\" aria-label=\"Incorporamento di &lt;strong&gt;Insieme del 24 dicembre 2023&lt;\/strong&gt;.\"><\/object><a id=\"wp-block-file--media-bdb78c43-fef0-4794-92ef-f903a9b9da84\" href=\"https:\/\/comunitapastoralecassina.org\/ver2\/wp-content\/uploads\/Insieme-del-24-dicembre-2023.pdf\"><strong>Insieme del 24 dicembre 2023<\/strong><\/a><a href=\"https:\/\/comunitapastoralecassina.org\/ver2\/wp-content\/uploads\/Insieme-del-24-dicembre-2023.pdf\" class=\"wp-block-file__button wp-element-button\" download aria-describedby=\"wp-block-file--media-bdb78c43-fef0-4794-92ef-f903a9b9da84\"><strong>Download<\/strong><\/a><\/div>\n\n\n\n<figure class=\"wp-block-table is-style-stripes\"><table><thead><tr><th><strong>NUMERI PRECEDENTI<\/strong><\/th><th>\ufeff<\/th><th>\ufeff<\/th><\/tr><\/thead><tbody><tr><td><\/td><td><\/td><td><a href=\"https:\/\/comunitapastoralecassina.org\/ver2\/wp-content\/uploads\/Insieme-del-17-dicembre-2023.pdf\"><strong>17 dicembre 2023<\/strong><\/a><\/td><\/tr><tr><td><a href=\"https:\/\/comunitapastoralecassina.org\/ver2\/wp-content\/uploads\/Insieme-del-10-dicembre-2023.pdf\"><strong>10 dicembre 2023<\/strong><\/a><\/td><td><a href=\"https:\/\/comunitapastoralecassina.org\/ver2\/wp-content\/uploads\/Insieme-del-3-dicembre-2023.pdf\"><strong>3 dicembre 2023<\/strong><\/a><\/td><td><a href=\"https:\/\/comunitapastoralecassina.org\/ver2\/wp-content\/uploads\/Insieme-del-26-novembre-2023.pdf\"><strong>26 novembre 2023<\/strong><\/a><\/td><\/tr><tr><td><a href=\"https:\/\/comunitapastoralecassina.org\/ver2\/wp-content\/uploads\/Insieme-del-19-novembre-2023.pdf\"><strong>19 novembre 2023<\/strong><\/a><\/td><td><a href=\"https:\/\/comunitapastoralecassina.org\/ver2\/wp-content\/uploads\/Insieme-del-12-novembre-2023.pdf\"><strong>12 novembre 2023<\/strong><\/a><\/td><td><a href=\"https:\/\/comunitapastoralecassina.org\/ver2\/wp-content\/uploads\/Insieme-del-5-novembre-2023.pdf\"><strong>5 novembre 2023<\/strong><\/a><\/td><\/tr><tr><td><a href=\"https:\/\/comunitapastoralecassina.org\/ver2\/wp-content\/uploads\/Insieme-del-29-ottobre-2023.pdf\"><strong>29 ottobre 2023<\/strong><\/a><\/td><td><a href=\"https:\/\/comunitapastoralecassina.org\/ver2\/wp-content\/uploads\/Insieme-del-22-ottobre-2023.pdf\"><strong>22 ottobre 2023<\/strong><\/a><\/td><td><a href=\"https:\/\/comunitapastoralecassina.org\/ver2\/wp-content\/uploads\/Insieme-del-15-ottobre-2023.pdf\"><strong>15 ottobre 2023<\/strong><\/a><\/td><\/tr><tr><td><a href=\"https:\/\/comunitapastoralecassina.org\/ver2\/wp-content\/uploads\/Insieme-del-8-ottobre-2023.pdf\"><strong>8 ottobre 2023<\/strong><\/a><\/td><td><a href=\"https:\/\/comunitapastoralecassina.org\/ver2\/wp-content\/uploads\/Insieme-del-1-ottobre-2023.pdf\"><strong>1 ottobre 2023<\/strong><\/a><\/td><td><a href=\"https:\/\/comunitapastoralecassina.org\/ver2\/wp-content\/uploads\/Insieme-del-24-settembre-2023.pdf\"><strong>24 settembre 2023<\/strong><\/a><\/td><\/tr><tr><td><a href=\"https:\/\/comunitapastoralecassina.org\/ver2\/wp-content\/uploads\/Insieme-del-17-settembre-2023.pdf\"><strong>17 settembre 2023<\/strong><\/a><\/td><td><a href=\"https:\/\/comunitapastoralecassina.org\/ver2\/wp-content\/uploads\/Insieme-del-10-settembre-2023.pdf\"><strong>10 settembre 2023<\/strong><\/a><\/td><td><a href=\"https:\/\/comunitapastoralecassina.org\/ver2\/wp-content\/uploads\/Insieme-del-3-settembre-2023.pdf\"><strong>3 settembre 2023<\/strong><\/a><\/td><\/tr><tr><td><a href=\"https:\/\/comunitapastoralecassina.org\/ver2\/wp-content\/uploads\/Insieme-del-27-agosto-2023.pdf\"><strong>27 agosto 2023<\/strong><\/a><\/td><td><a href=\"https:\/\/comunitapastoralecassina.org\/ver2\/wp-content\/uploads\/Insieme-del-16-luglio-2023.pdf\"><strong>16 luglio 2023<\/strong><\/a><\/td><td><a href=\"https:\/\/comunitapastoralecassina.org\/ver2\/wp-content\/uploads\/Insieme-del-2-luglio-2023.pdf\"><strong>2 luglio 2023<\/strong><\/a><\/td><\/tr><tr><td><a href=\"https:\/\/comunitapastoralecassina.org\/ver2\/wp-content\/uploads\/Insieme-del-25-giugno-2023.pdf\"><strong>25 giugno 2023<\/strong><\/a><\/td><td><a href=\"https:\/\/comunitapastoralecassina.org\/ver2\/wp-content\/uploads\/Insieme-del-18-giugno-2023.pdf\"><strong>18 giugno 2023<\/strong><\/a><\/td><td><a href=\"https:\/\/comunitapastoralecassina.org\/ver2\/wp-content\/uploads\/Insieme-del-11-giugno-2023.pdf\"><strong>11 giugno 2023<\/strong><\/a><\/td><\/tr><tr><td><a href=\"https:\/\/comunitapastoralecassina.org\/ver2\/wp-content\/uploads\/Insieme-del-4-giugno-2023.pdf\"><strong>4 giugno 2023<\/strong><\/a><\/td><td><a href=\"https:\/\/comunitapastoralecassina.org\/ver2\/wp-content\/uploads\/Insieme-del-28-maggio-2023.pdf\"><strong>28 maggio 2023<\/strong><\/a><\/td><td><a href=\"https:\/\/comunitapastoralecassina.org\/ver2\/wp-content\/uploads\/Insieme-del-21-maggio-2023.pdf\"><strong>21 maggio 2023<\/strong><\/a><\/td><\/tr><tr><td><a href=\"https:\/\/comunitapastoralecassina.org\/ver2\/wp-content\/uploads\/Insieme-del-14-maggio.2023.pdf\"><strong>14 maggio 2023<\/strong><\/a><\/td><td><a href=\"https:\/\/comunitapastoralecassina.org\/ver2\/wp-content\/uploads\/Insieme-del-7-maggio-2023.pdf\"><strong>7 maggio 2023<\/strong><\/a><\/td><td><a href=\"https:\/\/comunitapastoralecassina.org\/ver2\/wp-content\/uploads\/Insieme-del-30-aprile-2023.pdf\"><strong>30 aprile 2023<\/strong><\/a><\/td><\/tr><tr><td><a href=\"https:\/\/comunitapastoralecassina.org\/ver2\/wp-content\/uploads\/Insieme-del-23-aprile-2023.pdf\"><strong>23 aprile 2023<\/strong><\/a><\/td><td><a href=\"https:\/\/comunitapastoralecassina.org\/ver2\/wp-content\/uploads\/Insieme-del-16-aprile-2023.pdf\"><strong>16 aprile 2023<\/strong><\/a><\/td><td><a href=\"https:\/\/comunitapastoralecassina.org\/ver2\/wp-content\/uploads\/Insieme-del-2-aprile-2023.pdf\"><strong>2 aprile 2023<\/strong><\/a><\/td><\/tr><tr><td><a href=\"https:\/\/comunitapastoralecassina.org\/ver2\/wp-content\/uploads\/Insieme-del-26-marzo-2023.pdf\"><strong>26 marzo 2023<\/strong><\/a><\/td><td><a href=\"https:\/\/comunitapastoralecassina.org\/ver2\/wp-content\/uploads\/Insieme-del-19-marzo-2023.pdf\"><strong>19 marzo 2023<\/strong><\/a><\/td><td><a href=\"https:\/\/comunitapastoralecassina.org\/ver2\/wp-content\/uploads\/Insieme-del-12-marzo-2023.pdf\"><strong>12 marzo 2023<\/strong><\/a><\/td><\/tr><tr><td><a href=\"https:\/\/comunitapastoralecassina.org\/ver2\/wp-content\/uploads\/Insieme-del-5-marzo-2023.pdf\"><strong>5 marzo 2023<\/strong><\/a><\/td><td><a href=\"https:\/\/comunitapastoralecassina.org\/ver2\/wp-content\/uploads\/Insieme-del-26-febbraio-2023.pdf\"><strong>26 febbraio 2023<\/strong><\/a><\/td><td><a href=\"https:\/\/comunitapastoralecassina.org\/ver2\/wp-content\/uploads\/Insieme-del-19-febbraio-2023.pdf\"><strong>19 febbraio 2023<\/strong><\/a><\/td><\/tr><tr><td><a href=\"https:\/\/comunitapastoralecassina.org\/ver2\/wp-content\/uploads\/Insieme-del-12-febbraio-2023.pdf\"><strong>12 febbraio 2023<\/strong><\/a><\/td><td><a href=\"https:\/\/comunitapastoralecassina.org\/ver2\/wp-content\/uploads\/Insieme-del-5-febbraio-2023.pdf\"><strong>5 febbraio 2023<\/strong><\/a><\/td><td><a href=\"https:\/\/comunitapastoralecassina.org\/ver2\/wp-content\/uploads\/Insieme-del-29-gennaio-2023.pdf\"><strong>29 gennaio 2023<\/strong><\/a><\/td><\/tr><tr><td><a href=\"https:\/\/comunitapastoralecassina.org\/ver2\/wp-content\/uploads\/Insieme-del-22-gennaio-2023.pdf\"><strong>22 gennaio 2023<\/strong><\/a><\/td><td><a href=\"http:\/\/comunitapastoralecassina.org\/ver2\/wp-content\/uploads\/Insieme-del-15-gennaio-2023.pdf\"><strong>15 gennaio 2023<\/strong><\/a><\/td><td><a href=\"http:\/\/comunitapastoralecassina.org\/ver2\/wp-content\/uploads\/Insieme-del-8-gennaio-2023.pdf\"><strong>8 gennaio 2023<\/strong><\/a><\/td><\/tr><\/tbody><\/table><\/figure>\n\n\n\n<hr class=\"wp-block-separator has-css-opacity\"\/>\n\n\n\n<p><\/p>\n\n\n\n<figure class=\"wp-block-table is-style-stripes has-regular-font-size\"><table><thead><tr><th>ARCHIVIO<\/th><th><\/th><th><\/th><\/tr><\/thead><tbody><tr><td><sub><a href=\"http:\/\/comunitapastoralecassina.org\/ver2\/insieme-2022\/\">&#8211; Gli Insieme del 2022<br \/><\/a><a href=\"http:\/\/comunitapastoralecassina.org\/ver2\/insieme-2021\/\">&#8211; Gli Insieme del 2021<br \/><\/a><a href=\"http:\/\/comunitapastoralecassina.org\/ver2\/insieme-2020\/\">&#8211; Gli Insieme del 2020<\/a><\/sub><\/td><td><sub><a href=\"http:\/\/comunitapastoralecassina.org\/ver2\/insieme-2019\/\">&#8211; Gli Insieme del 2019<\/a><br \/><a href=\"http:\/\/comunitapastoralecassina.org\/ver2\/insieme-2018\/\">&#8211; Gli Insieme del 2018<\/a><br \/><a href=\"http:\/\/comunitapastoralecassina.org\/ver2\/insieme-2017\/\">&#8211; Gli Insieme del 2017<\/a><br \/><a href=\"http:\/\/comunitapastoralecassina.org\/ver2\/insieme-2016\/\">&#8211; Gli Insieme del 2016<\/a><\/sub><\/td><td><sub><a href=\"http:\/\/comunitapastoralecassina.org\/ver2\/insieme2015\/\">&#8211; Gli Insieme del 2015<\/a><br \/><a href=\"http:\/\/comunitapastoralecassina.org\/ver2\/insieme-2014\/\">&#8211; Gli Insieme del 2014<\/a><br \/><a href=\"http:\/\/comunitapastoralecassina.org\/ver2\/insieme-2013\/\">&#8211; Gli Insieme del 2013<\/a><br \/><a href=\"http:\/\/comunitapastoralecassina.org\/ver2\/insieme-2012\/\">&#8211; Gli Insieme del 2012, 2011,2010 e 2009<\/a><\/sub><\/td><\/tr><\/tbody><\/table><\/figure>\n\n\n\n<p><\/p>\n","protected":false},"excerpt":{"rendered":"<p>L&#8217;insieme \u00e8 il foglio informativo della Comunit\u00e0 Pastorale Maria Madre della Chiesa.Scaricando i file PDF resterai aggiornato sulle attivit\u00e0 che in essa si svolgono Iscriviti alla mail list e riceverai ogni settimana una email per scaricare l&#8217;Insieme e gli altri notiziari appena pubblicati! NUMERI PRECEDENTI \ufeff \ufeff 17 dicembre 2023 10 dicembre 2023 3 dicembre [&hellip;]<\/p>\n","protected":false},"author":2,"featured_media":0,"parent":0,"menu_order":0,"comment_status":"closed","ping_status":"closed","template":"","meta":{"footnotes":""},"class_list":["post-17331","page","type-page","status-publish"],"_links":{"self":[{"href":"https:\/\/comunitapastoralecassina.org\/ver2\/wp-json\/wp\/v2\/pages\/17331","targetHints":{"allow":["GET"]}}],"collection":[{"href":"https:\/\/comunitapastoralecassina.org\/ver2\/wp-json\/wp\/v2\/pages"}],"about":[{"href":"https:\/\/comunitapastoralecassina.org\/ver2\/wp-json\/wp\/v2\/types\/page"}],"author":[{"embeddable":true,"href":"https:\/\/comunitapastoralecassina.org\/ver2\/wp-json\/wp\/v2\/users\/2"}],"replies":[{"embeddable":true,"href":"https:\/\/comunitapastoralecassina.org\/ver2\/wp-json\/wp\/v2\/comments?post=17331"}],"version-history":[{"count":59,"href":"https:\/\/comunitapastoralecassina.org\/ver2\/wp-json\/wp\/v2\/pages\/17331\/revisions"}],"predecessor-version":[{"id":18706,"href":"https:\/\/comunitapastoralecassina.org\/ver2\/wp-json\/wp\/v2\/pages\/17331\/revisions\/18706"}],"wp:attachment":[{"href":"https:\/\/comunitapastoralecassina.org\/ver2\/wp-json\/wp\/v2\/media?parent=17331"}],"curies":[{"name":"wp","href":"https:\/\/api.w.org\/{rel}","templated":true}]}}