{"id":20566,"date":"2026-01-03T18:11:24","date_gmt":"2026-01-03T17:11:24","guid":{"rendered":"https:\/\/comunitapastoralecassina.org\/ver2\/?page_id=20566"},"modified":"2026-04-17T08:59:48","modified_gmt":"2026-04-17T06:59:48","slug":"insieme-2026","status":"publish","type":"page","link":"https:\/\/comunitapastoralecassina.org\/ver2\/insieme-2026\/","title":{"rendered":"Insieme 2026"},"content":{"rendered":"\n<figure class=\"wp-block-image is-resized\" id=\"block-c1c95a60-e74c-428c-8f4e-46cf989028e8\"><img decoding=\"async\" src=\"http:\/\/comunitapastoralecassina.org\/ver2\/wp-content\/uploads\/Nuova-testata-1024x205.jpg\" alt=\"testata dell'insieme\" style=\"width:727px;height:127px\"\/><\/figure>\n\n\n\n<p id=\"block-99abdcc3-df94-4b45-8a89-a478ffb64891\">L&#8217;insieme \u00e8 il foglio informativo della Comunit\u00e0 Pastorale Maria Madre della Chiesa.<br \/>Scaricando i file PDF resterai aggiornato sulle attivit\u00e0 che in essa si svolgono.<\/p>\n\n\n\n<p id=\"block-523b6f4d-966a-4ccc-b0fc-4afd3a822c48\">Iscriviti alla mail list e riceverai ogni settimana una email per scaricare l&#8217;Insieme e gli altri notiziari appena pubblicati!<\/p>\n\n\n\n<form action=\"https:\/\/comunitapastoralecassina.us5.list-manage1.com\/subscribe\/post?u=daea99a747e23f9e300b454af&amp;id=499d73df1a\" method=\"post\" id=\"mc-embedded-subscribe-form\" name=\"mc-embedded-subscribe-form\" class=\"validate\" target=\"_blank\">\n\t\t<input type=\"email\" value=\"\" name=\"EMAIL\" class=\"email\" id=\"mce-EMAIL\" placeholder=\"Inserisci la tua email\" required=\"\"\/>\n\t<div class=\"clear\"><input type=\"submit\" value=\"Iscriviti\" name=\"subscribe\" id=\"mc-embedded-subscribe\" class=\"button\"\/><\/div>\n<\/form>\n\n\n\n<hr class=\"wp-block-separator has-css-opacity\"\/>\n\n\n\n<div data-wp-interactive=\"core\/file\" class=\"wp-block-file\"><object data-wp-bind--hidden=\"!state.hasPdfPreview\" hidden class=\"wp-block-file__embed\" data=\"https:\/\/comunitapastoralecassina.org\/ver2\/wp-content\/uploads\/Insieme-del-19-aprile-2026.pdf\" type=\"application\/pdf\" style=\"width:100%;height:600px\" aria-label=\"Incorporamento di &lt;strong&gt;Insieme del 19 aprile 2026&lt;\/strong&gt;.\"><\/object><a id=\"wp-block-file--media-bf7abc1f-7db8-410b-84fe-c032cb291e65\" href=\"https:\/\/comunitapastoralecassina.org\/ver2\/wp-content\/uploads\/Insieme-del-19-aprile-2026.pdf\"><strong>Insieme del 19 aprile 2026<\/strong><\/a><a href=\"https:\/\/comunitapastoralecassina.org\/ver2\/wp-content\/uploads\/Insieme-del-19-aprile-2026.pdf\" class=\"wp-block-file__button wp-element-button\" download aria-describedby=\"wp-block-file--media-bf7abc1f-7db8-410b-84fe-c032cb291e65\"><strong>Download<\/strong><\/a><\/div>\n\n\n\n<figure class=\"wp-block-table is-style-stripes\"><table><thead><tr><th><strong>NUMERI PRECEDENTI<\/strong><\/th><th>\ufeff<\/th><th>\ufeff<\/th><\/tr><\/thead><tbody><tr><td><\/td><td><\/td><td><a href=\"https:\/\/comunitapastoralecassina.org\/ver2\/wp-content\/uploads\/Insieme-del-12-aprile-2026.pdf\"><strong>12 aprile 2026<\/strong><\/a><\/td><\/tr><tr><td><a href=\"https:\/\/comunitapastoralecassina.org\/ver2\/wp-content\/uploads\/Insieme-del-29-marzo-2026.pdf\"><strong>29 marzo 2026<\/strong><\/a><\/td><td><a href=\"https:\/\/comunitapastoralecassina.org\/ver2\/wp-content\/uploads\/Insieme-del-22-marzo-2026.pdf\"><strong>22 marzo 2026<\/strong><\/a><\/td><td><a href=\"https:\/\/comunitapastoralecassina.org\/ver2\/wp-content\/uploads\/Insieme-del-15-marzo-2026.pdf\"><strong>15 marzo 2026<\/strong><\/a><\/td><\/tr><tr><td><a href=\"https:\/\/comunitapastoralecassina.org\/ver2\/wp-content\/uploads\/Insieme-del-8-marzo-2026.pdf\"><strong>8 marzo 2026<\/strong><\/a><\/td><td><a href=\"https:\/\/comunitapastoralecassina.org\/ver2\/wp-content\/uploads\/Insieme-del-1-marzo-2026.pdf\"><strong>1 marzo 2026<\/strong><\/a><\/td><td><a href=\"https:\/\/comunitapastoralecassina.org\/ver2\/wp-content\/uploads\/Insieme-del-22-febbraio-2026.pdf\"><strong>22 febbraio 2026<\/strong><\/a><\/td><\/tr><tr><td><a href=\"https:\/\/comunitapastoralecassina.org\/ver2\/wp-content\/uploads\/Insieme-del-15-febbraio-2026.pdf\"><strong>15 febbraio 2026<\/strong><\/a><\/td><td><a href=\"https:\/\/comunitapastoralecassina.org\/ver2\/wp-content\/uploads\/Insieme-del-8-febbraio-2026.pdf\"><strong>8 febbraio 2026<\/strong><\/a><\/td><td><a href=\"https:\/\/comunitapastoralecassina.org\/ver2\/wp-content\/uploads\/Insieme-del-1-febbraio-2026.pdf\"><strong>1 febbraio 2026<\/strong><\/a><\/td><\/tr><tr><td><a href=\"https:\/\/comunitapastoralecassina.org\/ver2\/wp-content\/uploads\/Insieme-del-25-gennaio-2026.pdf\"><strong>25 gennaio 2026<\/strong><\/a><\/td><td><a href=\"https:\/\/comunitapastoralecassina.org\/ver2\/wp-content\/uploads\/Insieme-del-18-gennaio-2026.pdf\"><strong>18 gennaio 2026<\/strong><\/a><\/td><td><a href=\"https:\/\/comunitapastoralecassina.org\/ver2\/wp-content\/uploads\/Insieme-del-11-gennaio-2026.pdf\"><strong>11 gennaio 2026<\/strong><\/a><\/td><\/tr><\/tbody><\/table><\/figure>\n\n\n\n<hr class=\"wp-block-separator has-css-opacity\"\/>\n\n\n\n<p><\/p>\n\n\n\n<figure class=\"wp-block-table is-style-stripes has-regular-font-size\"><table><thead><tr><th>ARCHIVIO<\/th><th><\/th><th><\/th><\/tr><\/thead><tbody><tr><td><\/td><td><\/td><td><\/td><\/tr><tr><td><a href=\"https:\/\/comunitapastoralecassina.org\/ver2\/insieme-2025\/\" target=\"_blank\" rel=\"noreferrer noopener\"><\/a><sub><a href=\"https:\/\/comunitapastoralecassina.org\/ver2\/insieme-2025\/\" target=\"_blank\" rel=\"noreferrer noopener\">&#8211; Gli Insieme del 2025<\/a><\/sub><br \/><a href=\"https:\/\/comunitapastoralecassina.org\/ver2\/insieme-2024\/\" target=\"_blank\" rel=\"noreferrer noopener\"><sub>&#8211; Gli Insieme del 2024<\/sub><br \/><\/a><\/td><td><sub><a href=\"https:\/\/comunitapastoralecassina.org\/ver2\/insieme-2023\/\">&#8211; Gli Insieme del 2023<\/a><\/sub><br \/><sub><a href=\"http:\/\/comunitapastoralecassina.org\/ver2\/insieme-2022\/\">&#8211; Gli Insieme del 2022<br \/><\/a><a href=\"http:\/\/comunitapastoralecassina.org\/ver2\/insieme-2021\/\">&#8211; Gli Insieme del 2021<br \/><\/a><a href=\"http:\/\/comunitapastoralecassina.org\/ver2\/insieme-2020\/\">&#8211; Gli Insieme del 2020<\/a><\/sub><\/td><td><sub><a href=\"http:\/\/comunitapastoralecassina.org\/ver2\/insieme-2019\/\">&#8211; Gli Insieme del 2019<\/a><br \/><a href=\"http:\/\/comunitapastoralecassina.org\/ver2\/insieme-2016\/\">&#8211; Gli Insieme del 2016<\/a> del <a rel=\"noreferrer noopener\" href=\"http:\/\/comunitapastoralecassina.org\/ver2\/insieme-2017\/\" target=\"_blank\">2017 <\/a>e del <a rel=\"noreferrer noopener\" href=\"http:\/\/comunitapastoralecassina.org\/ver2\/insieme-2018\/\" target=\"_blank\">2018<\/a><br \/><a href=\"http:\/\/comunitapastoralecassina.org\/ver2\/insieme-2013\/\">&#8211; Gli Insieme del 2013<\/a> del <a href=\"http:\/\/comunitapastoralecassina.org\/ver2\/insieme-2014\/\">2014 <\/a>e del <a rel=\"noreferrer noopener\" href=\"http:\/\/comunitapastoralecassina.org\/ver2\/insieme2015\/\" target=\"_blank\">2015<\/a><br \/><a href=\"http:\/\/comunitapastoralecassina.org\/ver2\/insieme-2012\/\">&#8211; Gli Insieme del 2012, 2011,2010 e 2009<\/a><\/sub><\/td><\/tr><\/tbody><\/table><\/figure>\n\n\n\n<p><\/p>\n","protected":false},"excerpt":{"rendered":"<p>L&#8217;insieme \u00e8 il foglio informativo della Comunit\u00e0 Pastorale Maria Madre della Chiesa.Scaricando i file PDF resterai aggiornato sulle attivit\u00e0 che in essa si svolgono. Iscriviti alla mail list e riceverai ogni settimana una email per scaricare l&#8217;Insieme e gli altri notiziari appena pubblicati! NUMERI PRECEDENTI \ufeff \ufeff 12 aprile 2026 29 marzo 2026 22 marzo [&hellip;]<\/p>\n","protected":false},"author":2,"featured_media":0,"parent":0,"menu_order":0,"comment_status":"closed","ping_status":"closed","template":"","meta":{"footnotes":""},"class_list":["post-20566","page","type-page","status-publish"],"_links":{"self":[{"href":"https:\/\/comunitapastoralecassina.org\/ver2\/wp-json\/wp\/v2\/pages\/20566","targetHints":{"allow":["GET"]}}],"collection":[{"href":"https:\/\/comunitapastoralecassina.org\/ver2\/wp-json\/wp\/v2\/pages"}],"about":[{"href":"https:\/\/comunitapastoralecassina.org\/ver2\/wp-json\/wp\/v2\/types\/page"}],"author":[{"embeddable":true,"href":"https:\/\/comunitapastoralecassina.org\/ver2\/wp-json\/wp\/v2\/users\/2"}],"replies":[{"embeddable":true,"href":"https:\/\/comunitapastoralecassina.org\/ver2\/wp-json\/wp\/v2\/comments?post=20566"}],"version-history":[{"count":19,"href":"https:\/\/comunitapastoralecassina.org\/ver2\/wp-json\/wp\/v2\/pages\/20566\/revisions"}],"predecessor-version":[{"id":20824,"href":"https:\/\/comunitapastoralecassina.org\/ver2\/wp-json\/wp\/v2\/pages\/20566\/revisions\/20824"}],"wp:attachment":[{"href":"https:\/\/comunitapastoralecassina.org\/ver2\/wp-json\/wp\/v2\/media?parent=20566"}],"curies":[{"name":"wp","href":"https:\/\/api.w.org\/{rel}","templated":true}]}}