{"id":2905,"date":"2011-09-30T11:29:11","date_gmt":"2011-09-30T09:29:11","guid":{"rendered":"http:\/\/comunitapastoralecassina.org\/ver2\/"},"modified":"2011-09-30T11:30:03","modified_gmt":"2011-09-30T09:30:03","slug":"jmj-2011-a-madrid-testimonianza-di-matteo","status":"publish","type":"page","link":"https:\/\/comunitapastoralecassina.org\/ver2\/jmj-2011-a-madrid-testimonianza-di-matteo\/","title":{"rendered":"JMJ 2011 a Madrid &#8211; Testimonianza di Matteo"},"content":{"rendered":"<p style=\"text-align: justify;\"><span style=\"text-decoration: underline;\"><em><strong><img loading=\"lazy\" decoding=\"async\" class=\"alignright size-thumbnail wp-image-2891\" title=\"jmj2011\" src=\"http:\/\/comunitapastoralecassina.org\/ver2\/wp-content\/uploads\/jmj2011-150x150.jpg\" alt=\"\" width=\"150\" height=\"150\" \/>JMJ 2011 a Madrid &#8211; Testimonianza di Matteo<\/strong><\/em><\/span><\/p>\n<p style=\"text-align: justify;\"><strong>LA NOSTRA JMJ: &#8220;RADICATI E FONDATI IN CRISTO, SALDI NELLA FEDE&#8221;<\/strong><\/p>\n<p style=\"text-align: justify;\">Dopo che una persona vive un\u2019<strong>esperienza particolare, forte, intensa e diversa<\/strong> dalle ordinarie vacanze come appunto \u00e8 stata questa GMG, pu\u00f2 essere difficile prendere carta e penna e cercare di trasmettere e far capire alle altre persone i sentimenti e le emozioni vissute.<\/p>\n<p style=\"text-align: justify;\">E\u2019 un\u2019esperienza che ti coinvolge <strong>sia mentalmente che fisicamente<\/strong>, che alle volte pu\u00f2 far paura viste le difficolt\u00e0 che si prospettano, ma se la si vive in pieno, se si ha il coraggio di farsi coinvolgere e farsi trasportare, ti arricchisce e ti cambia.<\/p>\n<p style=\"text-align: justify;\">La GMG non \u00e8 iniziata il 16 agosto alle 3 del mattino all\u2019Oratorio San Domenico Savio; non \u00e8 iniziata il giorno della partenza, ma prima, con la proposta del don Paolo e della Madre Elisa di vivere la prima vacanza del gruppo giovani insieme. Ho gi\u00e0 avuto l\u2019occasione di vivere un\u2019altra GMG, nel 2005 in Germania, ma era una proposta diversa, non cos\u00ec dura. Quella di Madrid era un invito ad una vacanza diversa, che scoraggia molti giovani al parteciparvi e questo per diverse ragioni. La prima cosa che frena e spaventa di pi\u00f9 i giovani \u00e8 la <strong>preghiera<\/strong>; \u00e8 la difficolt\u00e0 pi\u00f9 grande che appena si pu\u00f2 si cerca di evitare, nulla in confronto al fatto che ci si deve alzare presto ogni mattina, dormire per terra in scuole o palestre o peggio in delle Arene per la Corrida polverose insieme ad altre 1500 persone, lavarsi per una settimana in docce di fortuna con l\u2019acqua gelida, mangiare non si sa che cosa, macinare chilometri e chilometri ogni giorno a piedi e restare per ore in piedi nei corridoi della metr\u00f2 ad aspettare che i lunghi fiumi di giovani abbandonino le strutture della catechesi quotidiana; e poi la notte alla addiaccio in un aeroporto militare con pi\u00f9 di due milioni di giovani ad aspettare il Santo Padre.<\/p>\n<p style=\"text-align: justify;\">Gi\u00e0 le premesse non invogliavano ad una tale esperienza e anche io ero scoraggiato e guardavo la proposta con un po\u2019 di diffidenza. Pochi giorni prima di partire ho anche pensato di rinunciarvici ma anche se abbiamo incontrato molte altre difficolt\u00e0 (come perdere il pullman a mezzanotte e aspettarlo fino alle 3 del mattino e andare a letto alle 4.30 dopo che eravamo in piedi dalle 2 del mattino precedente, ai madrileni che ci insultavano, agli indignados che ci sputavano addosso e ci lanciavano gavettoni, al perdere la coincidenza degli aerei di ritorno e aspettare altre 30 ore per poter tornare a casa e dover dormire per terra in aeroporto), beh  dopo tutto questo, \u00e8 un\u2019esperienza che io sarei pronto a rivivere subito.<\/p>\n<p style=\"text-align: justify;\"><strong>Quando una persona decide di dire il proprio \u201cSi\u201d a Cristo, di abbandonarsi e donarsi a Lui, si ha la certezza di non tornare a casa a mani vuote.<\/strong><\/p>\n<p style=\"text-align: justify;\"><strong><\/strong>Anche se \u00e8 stato difficile anche se alle volte ci domandavamo, \u201c<em>ma chi ce lo ha fatto fare<\/em>\u201d, la gioia che alla fine riempiva i nostri cuori e il nostro spirito non era nulla in confronto alle mille difficolt\u00e0.<\/p>\n<p style=\"text-align: justify;\">E il vedere con i propri occhi pi\u00f9 di 2 milioni di giovani vivere tutto questo, queste gioie, sorrisi, emozioni e anche pianti, e nonostante tutto incontrarsi in un aeroporto militare con 45 gradi sotto un sole rovente di giorno e pioggia e vento di notte, beh questa \u00e8 stata l\u2019emozione pi\u00f9 forte: se dopo 2000 anni ancora milioni di persone ci credono e testimoniano in questo modo il proprio credo in Ges\u00f9 Cristo sopportando centinaia di difficolt\u00e0, vuol proprio dire che se siamo qui \u00e8 grazie all\u2019amore e al dono gratuito di un uomo che ci ha veramente amati. E ci\u00f2 rafforza ancora di pi\u00f9 la fede di un giovane cristiano come me e che mi fa capire che veramente Ges\u00f9 \u00e8 venuto per annunciare il Suo Regno.<\/p>\n<p style=\"text-align: justify;\">Un passo della Bibbia diceva che <strong>se doni il tuo poco, il tuo piccolo al Signore, Lui ti restituisce 100 volte tanto; noi giovani della GMG ora lo possiamo dire con forza e con convinzione, Radicati e Fondati in Cristo, Saldi nella Fede<\/strong>.<\/p>\n<p><em>Matteo<\/em><\/p>\n","protected":false},"excerpt":{"rendered":"<p>JMJ 2011 a Madrid &#8211; Testimonianza di Matteo LA NOSTRA JMJ: &#8220;RADICATI E FONDATI IN CRISTO, SALDI NELLA FEDE&#8221; Dopo che una persona vive un\u2019esperienza particolare, forte, intensa e diversa dalle ordinarie vacanze come appunto \u00e8 stata questa GMG, pu\u00f2 essere difficile prendere carta e penna e cercare di trasmettere e far capire alle altre [&hellip;]<\/p>\n","protected":false},"author":2,"featured_media":0,"parent":0,"menu_order":0,"comment_status":"closed","ping_status":"open","template":"","meta":{"footnotes":""},"class_list":["post-2905","page","type-page","status-publish"],"_links":{"self":[{"href":"https:\/\/comunitapastoralecassina.org\/ver2\/wp-json\/wp\/v2\/pages\/2905","targetHints":{"allow":["GET"]}}],"collection":[{"href":"https:\/\/comunitapastoralecassina.org\/ver2\/wp-json\/wp\/v2\/pages"}],"about":[{"href":"https:\/\/comunitapastoralecassina.org\/ver2\/wp-json\/wp\/v2\/types\/page"}],"author":[{"embeddable":true,"href":"https:\/\/comunitapastoralecassina.org\/ver2\/wp-json\/wp\/v2\/users\/2"}],"replies":[{"embeddable":true,"href":"https:\/\/comunitapastoralecassina.org\/ver2\/wp-json\/wp\/v2\/comments?post=2905"}],"version-history":[{"count":3,"href":"https:\/\/comunitapastoralecassina.org\/ver2\/wp-json\/wp\/v2\/pages\/2905\/revisions"}],"predecessor-version":[{"id":2911,"href":"https:\/\/comunitapastoralecassina.org\/ver2\/wp-json\/wp\/v2\/pages\/2905\/revisions\/2911"}],"wp:attachment":[{"href":"https:\/\/comunitapastoralecassina.org\/ver2\/wp-json\/wp\/v2\/media?parent=2905"}],"curies":[{"name":"wp","href":"https:\/\/api.w.org\/{rel}","templated":true}]}}